{"id":551,"date":"2021-01-02T19:34:22","date_gmt":"2021-01-02T18:34:22","guid":{"rendered":"https:\/\/www.spectacollo.at\/?page_id=551"},"modified":"2026-02-05T23:29:29","modified_gmt":"2026-02-05T22:29:29","slug":"technical-rider","status":"publish","type":"page","link":"https:\/\/www.spectacollo.at\/index.php\/technical-rider\/","title":{"rendered":"Technical Rider"},"content":{"rendered":"\n<p>Ein detaillierter Technical Rider als PDF-Datei gibt es auf unserer <a href=\"https:\/\/www.spectacollo.at\/index.php\/offizielle-medien\/\" data-type=\"page\" data-id=\"543\">Download-Seite<\/a>.<\/p>\n\n\n\n<p class=\"has-large-font-size\">Anforderungen 6 Personen:<\/p>\n\n\n\n<p><strong>Eckdaten der Band:<\/strong><\/p>\n\n\n\n<p>Wir spielen italienische Pop- und Rockmusik mit teilweise deutschen Texten in Standard-Rockbesetzung (E-Gitarre, Bass, Schlagzeug, Keyboards) mit unserem Fronts\u00e4nger-Paar Regina und Michael.<\/p>\n\n\n\n<p>Funk-Mikros f\u00fcr die beiden Fronts\u00e4nger w\u00e4ren toll, aber nicht unbedingt notwendig; alle (4) Instrumentalisten singen BackingVoc\/Chor und ab und zu Lead-Passagen.<\/p>\n\n\n\n<p>Au\u00dferdem spielt unser S\u00e4nger noch <strong>akustische Gitarre<\/strong>, und die S\u00e4ngerin spielt auch noch <strong>Saxophon<\/strong> (Ansteck-Mikrophon wird mitgebracht, bitte XLR-Anschluss). (In manchen F\u00e4llen gibt es auch noch eine zweite akustische Gitarre, bitte hierf\u00fcr eine D.I.-Box und einen Mischpultkanal als Reserve vorplanen.)<\/p>\n\n\n\n<p>Weiters spielt der Keyboarder noch zeitweise Akkordeon (nur 1 Kanal, Ansteck-Mikrophon wird mitgebracht, bitte XLR-Anschluss) und verwendet ein Funk-Headset f\u00fcr die Vocals (wenn m\u00f6glich, bitte ein Ersatzmikrophon mit St\u00e4nder).<\/p>\n\n\n\n<p><strong>Wir ben\u00f6tigen:<\/strong><\/p>\n\n\n\n<ul>\n<li>23 Inputs am Mixer (siehe Inputliste) samt einem Techniker, der mit diesem Mixer sehr gut vertraut ist \ud83d\ude09<\/li>\n\n\n\n<li>Mikrofonierung f\u00fcr Drums (9x, siehe Inputliste), E-Gitarre, 6x Gesang<\/li>\n\n\n\n<li>DI-Boxen f\u00fcr Keyboards (2x), akustische Gitarre (1x)<\/li>\n\n\n\n<li>Verkabelung f\u00fcr Mikros und DI-Boxen<\/li>\n\n\n\n<li>XLR-Anschl\u00fcsse f\u00fcr Bass, Saxophon-Mikrophon und Akkordeon-Mikrophon<\/li>\n\n\n\n<li>Bass in manchen F\u00e4llen: In-Ear Monitoring, wird mitgebracht, bitte XLR-Anschluss\/Verkabelung<\/li>\n\n\n\n<li>6 (5) Monitore auf idealerweise 6 Wegen samt Verkabelung (siehe Monitorplan)<\/li>\n\n\n\n<li>Ausreichend Stromanschl\u00fcsse auf der B\u00fchne, siehe B\u00fchnenplan<\/li>\n\n\n\n<li>Ausreichend Licht, um nicht \u00fcber die Kabel zu stolpern \ud83d\ude09<\/li>\n\n\n\n<li>Eine der Veranstaltungsgr\u00f6\u00dfe und Zuschauerzahl entsprechende dimensionierte PA.<\/li>\n<\/ul>\n\n\n\n<figure class=\"wp-block-image size-large\"><img loading=\"lazy\" decoding=\"async\" width=\"1024\" height=\"715\" src=\"https:\/\/www.spectacollo.at\/wp-content\/uploads\/2024\/07\/techrider_skizze_2024-1-1024x715.jpg\" alt=\"\" class=\"wp-image-1284\" srcset=\"https:\/\/www.spectacollo.at\/wp-content\/uploads\/2024\/07\/techrider_skizze_2024-1-1024x715.jpg 1024w, https:\/\/www.spectacollo.at\/wp-content\/uploads\/2024\/07\/techrider_skizze_2024-1-300x209.jpg 300w, https:\/\/www.spectacollo.at\/wp-content\/uploads\/2024\/07\/techrider_skizze_2024-1-768x536.jpg 768w, https:\/\/www.spectacollo.at\/wp-content\/uploads\/2024\/07\/techrider_skizze_2024-1.jpg 1500w\" sizes=\"(max-width: 1024px) 100vw, 1024px\" \/><\/figure>\n\n\n\n<p class=\"has-large-font-size\">Anforderungen 4 Personen (&#8222;Spectacollo light&#8220;):<\/p>\n\n\n\n<p><strong>Eckdaten der Band:<\/strong><\/p>\n\n\n\n<p>Wir spielen italienische Pop- und Rockmusik mit teilweise deutschen Texten in einer verkleinerten Besetzung (E-Gitarre, Keyboards) mit unserem Fronts\u00e4nger-Paar Regina und Michael.<\/p>\n\n\n\n<p>Funk-Mikros f\u00fcr die beiden Fronts\u00e4nger w\u00e4ren toll, aber nicht unbedingt notwendig; die 2 Instrumentalisten singen BackingVoc\/Chor und ab und zu Lead-Passagen.<\/p>\n\n\n\n<p>Au\u00dferdem spielt unser S\u00e4nger noch akustische Gitarre, und die S\u00e4ngerin spielt auch noch Saxophon (Mikrophon wird mitgebracht, bitte XLR-Anschluss).<\/p>\n\n\n\n<p>Weiters spielt der Keyboarder noch zeitweise Akkordeon (nur 1 Kanal).<br>(Mikrophon wird mitgebracht, bitte XLR-Anschluss)und verwendet ein Funk-Headset f\u00fcr die Vocals (wenn m\u00f6glich, bitte ein Ersatzmikrophon mit St\u00e4nder).<\/p>\n\n\n\n<p><strong>Wir ben\u00f6tigen:<\/strong><\/p>\n\n\n\n<ul>\n<li>11 Inputs am Mixer samt einem Techniker, der mit diesem Mixer vertraut ist \ud83d\ude09<\/li>\n\n\n\n<li>Mikrofonierung f\u00fcr E-Gitarre, 4x Gesang<\/li>\n\n\n\n<li>DI-Boxen f\u00fcr Keyboards (2x), akustische Gitarren (2x)<\/li>\n\n\n\n<li>Verkabelung f\u00fcr Mikros und DI-Boxen<\/li>\n\n\n\n<li>XLR-Anschl\u00fcsse f\u00fcr Saxophon-Mikrophon und Akkordeon-Mikrophon<\/li>\n\n\n\n<li>4 Monitore auf idealerweise 4 Wegen samt Verkabelung (siehe Monitorplan)<\/li>\n\n\n\n<li>Ausreichend Stromanschl\u00fcsse auf der B\u00fchne, siehe B\u00fchnenplan<\/li>\n\n\n\n<li>Ausreichend Licht, um nicht \u00fcber die Kabel zu stolpern \ud83d\ude09<\/li>\n\n\n\n<li>Eine der Veranstaltungsgr\u00f6\u00dfe und Zuschauerzahl entsprechende dimensionierte PA.<\/li>\n<\/ul>\n\n\n\n<figure class=\"wp-block-image size-large\"><img loading=\"lazy\" decoding=\"async\" width=\"1024\" height=\"715\" src=\"https:\/\/www.spectacollo.at\/wp-content\/uploads\/2024\/07\/spectacollo_light_techrider_skizze-1024x715.jpg\" alt=\"\" class=\"wp-image-1285\" srcset=\"https:\/\/www.spectacollo.at\/wp-content\/uploads\/2024\/07\/spectacollo_light_techrider_skizze-1024x715.jpg 1024w, https:\/\/www.spectacollo.at\/wp-content\/uploads\/2024\/07\/spectacollo_light_techrider_skizze-300x209.jpg 300w, https:\/\/www.spectacollo.at\/wp-content\/uploads\/2024\/07\/spectacollo_light_techrider_skizze-768x536.jpg 768w, https:\/\/www.spectacollo.at\/wp-content\/uploads\/2024\/07\/spectacollo_light_techrider_skizze.jpg 1500w\" sizes=\"(max-width: 1024px) 100vw, 1024px\" \/><\/figure>\n\n\n\n<div style=\"height:16px\" aria-hidden=\"true\" class=\"wp-block-spacer\"><\/div>\n\n\n\n<div class=\"wp-block-buttons is-layout-flex wp-block-buttons-is-layout-flex\">\n<div class=\"wp-block-button\"><a class=\"wp-block-button__link wp-element-button\" href=\"https:\/\/www.spectacollo.at\/\">zur\u00fcck<\/a><\/div>\n<\/div>\n\n\n\n<p><\/p>\n","protected":false},"excerpt":{"rendered":"<p>Ein detaillierter Technical Rider als PDF-Datei gibt es auf unserer Download-Seite. Anforderungen 6 Personen: Eckdaten der Band: Wir spielen italienische Pop- und Rockmusik mit teilweise deutschen Texten in Standard-Rockbesetzung (E-Gitarre, Bass, Schlagzeug, Keyboards) mit unserem Fronts\u00e4nger-Paar Regina und Michael. Funk-Mikros f\u00fcr die beiden Fronts\u00e4nger w\u00e4ren toll, aber nicht unbedingt notwendig; [&hellip;]<\/p>\n","protected":false},"author":1,"featured_media":205,"parent":0,"menu_order":0,"comment_status":"closed","ping_status":"closed","template":"","meta":{"_glsr_average":0,"_glsr_ranking":0,"_glsr_reviews":0,"footnotes":""},"_links":{"self":[{"href":"https:\/\/www.spectacollo.at\/index.php\/wp-json\/wp\/v2\/pages\/551"}],"collection":[{"href":"https:\/\/www.spectacollo.at\/index.php\/wp-json\/wp\/v2\/pages"}],"about":[{"href":"https:\/\/www.spectacollo.at\/index.php\/wp-json\/wp\/v2\/types\/page"}],"author":[{"embeddable":true,"href":"https:\/\/www.spectacollo.at\/index.php\/wp-json\/wp\/v2\/users\/1"}],"replies":[{"embeddable":true,"href":"https:\/\/www.spectacollo.at\/index.php\/wp-json\/wp\/v2\/comments?post=551"}],"version-history":[{"count":14,"href":"https:\/\/www.spectacollo.at\/index.php\/wp-json\/wp\/v2\/pages\/551\/revisions"}],"predecessor-version":[{"id":1655,"href":"https:\/\/www.spectacollo.at\/index.php\/wp-json\/wp\/v2\/pages\/551\/revisions\/1655"}],"wp:featuredmedia":[{"embeddable":true,"href":"https:\/\/www.spectacollo.at\/index.php\/wp-json\/wp\/v2\/media\/205"}],"wp:attachment":[{"href":"https:\/\/www.spectacollo.at\/index.php\/wp-json\/wp\/v2\/media?parent=551"}],"curies":[{"name":"wp","href":"https:\/\/api.w.org\/{rel}","templated":true}]}}